{"id":2220,"date":"2025-10-07T22:56:40","date_gmt":"2025-10-08T04:56:40","guid":{"rendered":"https:\/\/creart306.com\/?page_id=2220"},"modified":"2025-10-07T23:43:36","modified_gmt":"2025-10-08T05:43:36","slug":"tablero-del-lider-de-grupos-7","status":"publish","type":"page","link":"https:\/\/creart306.com\/?page_id=2220","title":{"rendered":"TABLERO DEL LIDER DE GRUPOS 7"},"content":{"rendered":"<h1>Tablero del L\u00edder<\/h1>\n<header class=\"header\">Tu centro de mando para una semana de impacto. Aqu\u00ed encontrar\u00e1s inspiraci\u00f3n, recursos y las pr\u00f3ximas jugadas.<\/p>\n<\/header>\n<div class=\"container\">\n<div class=\"grid\">\n<div class=\"card full-width\">\n<h2>\ud83c\udfa5 Inyecci\u00f3n de Enfoque Semanal<\/h2>\n<div class=\"video-container\">\n<div style=\"width: 800px;\" class=\"wp-video\"><video class=\"wp-video-shortcode\" id=\"video-2220-1\" width=\"800\" height=\"450\" poster=\"https:\/\/creart306.com\/wp-content\/uploads\/2025\/10\/REELS-CONECTADOS-07-10-2025-mp4-image.jpg\" preload=\"metadata\" controls=\"controls\"><source type=\"video\/mp4\" src=\"https:\/\/creart306.com\/wp-content\/uploads\/2025\/09\/REELS-CONECTADOS-07-10-2025.mp4?_=1\" \/><a href=\"https:\/\/creart306.com\/wp-content\/uploads\/2025\/09\/REELS-CONECTADOS-07-10-2025.mp4\">https:\/\/creart306.com\/wp-content\/uploads\/2025\/09\/REELS-CONECTADOS-07-10-2025.mp4<\/a><\/video><\/div>\n<\/div>\n<\/div>\n<div class=\"card\">\n<h2>\ud83d\udcfb Radios en L\u00ednea<\/h2>\n<p>Dale play mientras preparas tu semana. \u00a1El sonido de nuestro movimiento!<\/p>\n<div class=\"radio-container\"><iframe loading=\"lazy\" src=\"https:\/\/zeno.fm\/player\/logos-la-radio-4bht\" width=\"575\" height=\"250\" frameborder=\"0\" scrolling=\"no\"><\/iframe><a style=\"display: block; font-size: 0.9em; line-height: 10px;\" href=\"https:\/\/zeno.fm\/\" target=\"_blank\" rel=\"noopener\">A Zeno.FM Station<\/a><\/div>\n<\/div>\n<div class=\"card\">\n<h2>\ud83d\uddd3\ufe0f Agenda de Impacto<\/h2>\n<h3>Pr\u00f3ximas Fechas Clave<\/h3>\n<ul class=\"agenda-list\">\n<li class=\"agenda-item\">\n<div class=\"agenda-date\">OCT11<\/div>\n<div class=\"agenda-details\"><strong>Taller de Liderazgo<\/strong><br \/>\nS\u00e1bado, 10:00 AM &#8211; 4:00 PM<\/div>\n<\/li>\n<li class=\"agenda-item\">\n<div class=\"agenda-date\">OCT26<\/div>\n<div class=\"agenda-details\"><strong>Gran Evento de Cierre: \u00abUn Nuevo Comienzo\u00bb<\/strong><br \/>\n\u00a1El evento principal del mes!<\/div>\n<\/li>\n<\/ul>\n<hr style=\"border: none; border-top: 1px solid #eee; margin: 25px 0;\" \/>\n<h3>Actividades Permanentes<\/h3>\n<ul class=\"agenda-list\">\n<li class=\"agenda-item\">\n<div class=\"agenda-date\" style=\"background-color: #e67e22;\">MAR<\/div>\n<div class=\"agenda-details\"><strong>Martes de Conexi\u00f3n 7<\/strong><\/div>\n<\/li>\n<li class=\"agenda-item\">\n<div class=\"agenda-date\" style=\"background-color: #9b59b6;\">MIE<\/div>\n<div class=\"agenda-details\"><strong>Reuni\u00f3n de Damas<\/strong><\/div>\n<\/li>\n<li class=\"agenda-item\">\n<div class=\"agenda-date\" style=\"background-color: #c0392b;\">DOM<\/div>\n<div class=\"agenda-details\"><strong>Domingo Familiar<\/strong><br \/>\n9:00 AM Escuela Dominical \/ 10:00 AM Servicio Devocional<\/div>\n<\/li>\n<li class=\"agenda-item\">\n<div class=\"agenda-date\" style=\"background-color: #16a085;\">ZONA<\/div>\n<div class=\"agenda-details\"><strong>Grupos de Alcance: Zona 2<\/strong><\/div>\n<\/li>\n<li class=\"agenda-item\">\n<div class=\"agenda-date\" style=\"background-color: #16a085;\">BOCA<\/div>\n<div class=\"agenda-details\"><strong>Grupos de Alcance: Boca del Monte<\/strong><\/div>\n<\/li>\n<\/ul>\n<\/div>\n<\/div>\n<\/div>\n","protected":false},"excerpt":{"rendered":"<p>Tablero del L\u00edder Tu centro de mando para una semana de impacto. Aqu\u00ed encontrar\u00e1s inspiraci\u00f3n, recursos y las pr\u00f3ximas jugadas. \ud83c\udfa5 Inyecci\u00f3n de Enfoque Semanal \ud83d\udcfb Radios en L\u00ednea Dale play mientras preparas tu semana. \u00a1El sonido de nuestro movimiento! A Zeno.FM Station \ud83d\uddd3\ufe0f Agenda de Impacto Pr\u00f3ximas Fechas Clave OCT11 Taller de Liderazgo S\u00e1bado, [&hellip;]<\/p>\n","protected":false},"author":1,"featured_media":0,"parent":0,"menu_order":0,"comment_status":"closed","ping_status":"closed","template":"","meta":{"footnotes":""},"class_list":["post-2220","page","type-page","status-publish","hentry"],"_links":{"self":[{"href":"https:\/\/creart306.com\/index.php?rest_route=\/wp\/v2\/pages\/2220","targetHints":{"allow":["GET"]}}],"collection":[{"href":"https:\/\/creart306.com\/index.php?rest_route=\/wp\/v2\/pages"}],"about":[{"href":"https:\/\/creart306.com\/index.php?rest_route=\/wp\/v2\/types\/page"}],"author":[{"embeddable":true,"href":"https:\/\/creart306.com\/index.php?rest_route=\/wp\/v2\/users\/1"}],"replies":[{"embeddable":true,"href":"https:\/\/creart306.com\/index.php?rest_route=%2Fwp%2Fv2%2Fcomments&post=2220"}],"version-history":[{"count":13,"href":"https:\/\/creart306.com\/index.php?rest_route=\/wp\/v2\/pages\/2220\/revisions"}],"predecessor-version":[{"id":2235,"href":"https:\/\/creart306.com\/index.php?rest_route=\/wp\/v2\/pages\/2220\/revisions\/2235"}],"wp:attachment":[{"href":"https:\/\/creart306.com\/index.php?rest_route=%2Fwp%2Fv2%2Fmedia&parent=2220"}],"curies":[{"name":"wp","href":"https:\/\/api.w.org\/{rel}","templated":true}]}}